{"id":839,"date":"2021-10-25T15:51:10","date_gmt":"2021-10-25T15:51:10","guid":{"rendered":"https:\/\/otoreisinger.com\/?page_id=839"},"modified":"2025-01-16T10:35:15","modified_gmt":"2025-01-16T10:35:15","slug":"contact","status":"publish","type":"page","link":"https:\/\/otoreisinger.com\/en\/contact\/","title":{"rendered":"Contact"},"content":{"rendered":"\n<div class=\"wp-block-stackable-columns stk-block-columns stk-block stk-aa964c9 working-hours\" data-block-id=\"aa964c9\"><style>.stk-aa964c9{margin-top:120px !important}<\/style><div class=\"stk-row stk-inner-blocks stk-block-content stk-content-align stk-aa964c9-column\">\n<div class=\"wp-block-stackable-column stk-block-column stk-column stk-block stk-d77855c\" data-v=\"4\" data-block-id=\"d77855c\"><div class=\"stk-column-wrapper stk-block-column__content stk-container stk-d77855c-container stk--no-background stk--no-padding\"><div class=\"stk-block-content stk-inner-blocks stk-d77855c-inner-blocks\">\n<p><strong>Working hours<\/strong> <strong class=\"prim\">|<\/strong> Mon-Sun <strong>10-19<\/strong><\/p>\n<\/div><\/div><\/div>\n<\/div><\/div>\n\n\n\n<div class=\"wp-block-stackable-columns stk-block-columns stk-block stk-3c30b14 hero-bg-main\" data-block-id=\"3c30b14\"><style>.stk-3c30b14{margin-bottom:0px !important}.stk-3c30b14-column{--stk-column-gap:70px !important}@media screen and (max-width:1023px){.stk-3c30b14-column{--stk-column-gap:20px !important}}<\/style><div class=\"stk-row stk-inner-blocks stk-block-content stk-content-align stk-3c30b14-column\">\n<div class=\"wp-block-stackable-column stk-block-column stk-column stk-block stk-17a6d7b\" data-v=\"4\" data-block-id=\"17a6d7b\"><style>.stk-17a6d7b-container{margin-top:0px !important;margin-right:0px !important;margin-bottom:0px !important;margin-left:0px !important}.stk-17a6d7b{align-self:flex-start !important}@media screen and (min-width:768px){.stk-17a6d7b{flex:1 1 calc(50% - var(--stk-column-gap,0px) * 1 \/ 2 ) !important}}@media screen and (min-width:768px) and (max-width:1023px){.stk-17a6d7b{flex:0 1 100% !important}}@media screen and (max-width:1023px){.stk-17a6d7b{margin-bottom:50px !important}}<\/style><div class=\"stk-column-wrapper stk-block-column__content stk-container stk-17a6d7b-container stk--no-background stk--no-padding\"><div class=\"has-text-align-center-mobile stk-block-content stk-inner-blocks stk-17a6d7b-inner-blocks\">\n<div class=\"wp-block-stackable-heading stk-block-heading stk-block-heading--v2 stk-block stk-163a033\" id=\"span-style-color-var-theme-palette-color-9-f-39200-class-stk-highlight-contact-span\" data-block-id=\"163a033\"><style>.stk-163a033{margin-bottom:10px !important}@media screen and (max-width:1023px){.stk-163a033 .stk-block-heading__text{font-size:30px !important}}<\/style><h2 class=\"stk-block-heading__text\"><span style=\"color: var(--theme-palette-color-9, #F39200);\" class=\"stk-highlight\">Contact<\/span><\/h2><\/div>\n\n\n\n<div class=\"wp-block-stackable-text stk-block-text stk-block stk-870043c\" data-block-id=\"870043c\"><p class=\"stk-block-text__text\">Ulica Pavla Radi\u0107a 44a, Zagreb, Croatia <br>Tel:&nbsp;+385 99 386 1927<br>info@otoreisinger.com<\/p><\/div>\n\n\n\n<div class=\"wp-block-stackable-text stk-block-text stk-block stk-9e713b2\" data-block-id=\"9e713b2\"><p class=\"stk-block-text__text\"><strong>TICKET PRICE<\/strong><\/p><\/div>\n\n\n\n<div class=\"wp-block-stackable-text stk-block-text stk-block stk-d2ccadf\" data-block-id=\"d2ccadf\"><p class=\"stk-block-text__text\"><strong>ADULTS<\/strong>:&nbsp;8 euro<br><strong>KIDS (ages 5-15)<\/strong>:&nbsp;7 euro<\/p><\/div>\n\n\n\n<div class=\"wp-block-stackable-text stk-block-text stk-block stk-af9de14\" data-block-id=\"af9de14\"><p class=\"stk-block-text__text\"><strong>STUDENTS<\/strong>:&nbsp;7 euro<br><strong>RETIREES<\/strong>:&nbsp;6,50 euro<br><strong>GROUPS<\/strong> <strong>(8 or more people)<\/strong>: To arrange a larger group visit, contact us by e-mail or call +385 99 386 1927<br>it is also possible to arrange a guided group tour.<\/p><\/div>\n<\/div><\/div><\/div>\n\n\n\n<div class=\"wp-block-stackable-column stk-block-column stk-column stk-block stk-af3f7f8 mapa_container\" data-v=\"4\" data-block-id=\"af3f7f8\"><style>.stk-af3f7f8-container{margin-top:0px !important;margin-right:0px !important;margin-bottom:0px !important;margin-left:0px !important;box-shadow:none !important;padding-top:10% !important;padding-right:10% !important;padding-bottom:10% !important;padding-left:10% !important}.stk-af3f7f8{align-self:flex-start !important}@media screen and (min-width:768px){.stk-af3f7f8{flex:1 1 calc(50% - var(--stk-column-gap,0px) * 1 \/ 2 ) !important}}@media screen and (min-width:768px) and (max-width:1023px){.stk-af3f7f8{flex:0 1 100% !important}}@media screen and (max-width:1023px){.stk-af3f7f8-container{padding-top:7% !important;padding-right:7% !important;padding-bottom:7% !important;padding-left:7% !important}}@media screen and (max-width:767px){.stk-af3f7f8-container{padding-top:15% !important;padding-right:15% !important;padding-bottom:15% !important;padding-left:15% !important}}<\/style><div class=\"stk-column-wrapper stk-block-column__content stk-container stk-af3f7f8-container stk-hover-parent\"><div class=\"stk-block-content stk-inner-blocks stk-af3f7f8-inner-blocks\">\n<figure class=\"wp-block-image size-large\"><a class=\"mapa\" href=\"https:\/\/maps.app.goo.gl\/8igPVZCHAPGpXAex5\" target=\"_blank\" rel=\"noreferrer noopener\"><img loading=\"lazy\" decoding=\"async\" width=\"1024\" height=\"728\" src=\"https:\/\/otoreisinger.com\/wp-content\/uploads\/2024\/05\/Screenshot-2024-05-12-at-14.16.54-1024x728.png\" alt=\"Ku\u0107a karikature Oto Reisinger na Google mapi\" class=\"wp-image-992\" srcset=\"https:\/\/otoreisinger.com\/wp-content\/uploads\/2024\/05\/Screenshot-2024-05-12-at-14.16.54-1024x728.png 1024w, https:\/\/otoreisinger.com\/wp-content\/uploads\/2024\/05\/Screenshot-2024-05-12-at-14.16.54-300x213.png 300w, https:\/\/otoreisinger.com\/wp-content\/uploads\/2024\/05\/Screenshot-2024-05-12-at-14.16.54-768x546.png 768w, https:\/\/otoreisinger.com\/wp-content\/uploads\/2024\/05\/Screenshot-2024-05-12-at-14.16.54.png 1114w\" sizes=\"auto, (max-width: 1024px) 100vw, 1024px\" \/><\/a><\/figure>\n<\/div><\/div><\/div>\n<\/div><\/div>\n\n\n\n<div class=\"wp-block-stackable-spacer stk-block-spacer stk--no-padding stk-block stk-b6c4e50\" data-block-id=\"b6c4e50\"><style>.stk-b6c4e50{height:120px !important}<\/style><\/div>\n","protected":false},"excerpt":{"rendered":"<p>Working hours | Mon-Sun 10-19 Contact Ulica Pavla Radi\u0107a 44a, Zagreb, Croatia Tel:&nbsp;+385 99 386 1927info@otoreisinger.com TICKET PRICE ADULTS:&nbsp;8 euroKIDS (ages 5-15):&nbsp;7 euro STUDENTS:&nbsp;7 euroRETIREES:&nbsp;6,50 euroGROUPS (8 or more people): To arrange a larger group visit, contact us by e-mail or call +385 99 386 1927it is also possible to arrange a guided group tour.<\/p>\n","protected":false},"author":1,"featured_media":0,"parent":0,"menu_order":0,"comment_status":"closed","ping_status":"closed","template":"","meta":{"footnotes":""},"class_list":["post-839","page","type-page","status-publish","hentry"],"blocksy_meta":{"page_title_panel":"","has_hero_section":"disabled","8a95b2fa5abaddfe4bf67eb80837f476":"","hero_section":"type-1","hero_elements":[{"id":"custom_title","enabled":true,"heading_tag":"h1","title":"Home"},{"id":"custom_description","enabled":true,"description_visibility":{"desktop":true,"tablet":true,"mobile":false}},{"id":"custom_meta","enabled":false,"meta_elements":[{"id":"author","enabled":true,"label":"By","has_author_avatar":"yes","avatar_size":25},{"id":"post_date","enabled":true,"label":"On","date_format_source":"default","date_format":"M j, Y"},{"id":"updated_date","enabled":false,"label":"On","date_format_source":"default","date_format":"M j, Y"},{"id":"categories","enabled":false,"label":"In","style":"simple"},{"id":"comments","enabled":true}],"page_meta_elements":{"joined":true,"articles_count":true,"comments":true}},{"id":"breadcrumbs","enabled":false}],"b7dc59f313e0371a9ec59500f3114542":"","hero_alignment1":"CT_CSS_SKIP_RULE","hero_margin":40,"hero_alignment2":"center","hero_vertical_alignment":"center","945035912dedf1afc37752f48abc8a0d":"","hero_structure":"narrow","43cd6c0d90337fa0037c75d293fc8d10":"","page_title_bg_type":"featured_image","custom_hero_background":{"attachment_id":null},"parallax":{"desktop":false,"tablet":false,"mobile":false},"00c1a4dbd48ef81f4166a8911a96abf0":"","hero_height":"250px","pageTitleFont":{"family":"Default","variation":"Default","size":"30px","line-height":"CT_CSS_SKIP_RULE","letter-spacing":"CT_CSS_SKIP_RULE","text-transform":"CT_CSS_SKIP_RULE","text-decoration":"CT_CSS_SKIP_RULE"},"pageTitleFontColor":{"default":{"color":"CT_CSS_SKIP_RULEDEFAULT"}},"pageMetaFont":{"family":"Default","variation":"n6","size":"12px","line-height":"1.3","letter-spacing":"CT_CSS_SKIP_RULE","text-transform":"uppercase","text-decoration":"CT_CSS_SKIP_RULE"},"pageMetaFontColor":{"default":{"color":"CT_CSS_SKIP_RULEDEFAULT"},"hover":{"color":"CT_CSS_SKIP_RULEDEFAULT"}},"page_meta_button_type_font_colors":{"default":{"color":"CT_CSS_SKIP_RULEDEFAULT"},"hover":{"color":"CT_CSS_SKIP_RULEDEFAULT"}},"page_meta_button_type_background_colors":{"default":{"color":"CT_CSS_SKIP_RULEDEFAULT"},"hover":{"color":"CT_CSS_SKIP_RULEDEFAULT"}},"pageExcerptFont":{"family":"Default","variation":"Default","size":"CT_CSS_SKIP_RULE","line-height":"CT_CSS_SKIP_RULE","letter-spacing":"CT_CSS_SKIP_RULE","text-transform":"CT_CSS_SKIP_RULE","text-decoration":"CT_CSS_SKIP_RULE"},"pageExcerptColor":{"default":{"color":"CT_CSS_SKIP_RULEDEFAULT"}},"breadcrumbsFont":{"family":"Default","variation":"Default","size":"CT_CSS_SKIP_RULE","line-height":"CT_CSS_SKIP_RULE","letter-spacing":"CT_CSS_SKIP_RULE","text-transform":"CT_CSS_SKIP_RULE","text-decoration":"CT_CSS_SKIP_RULE"},"breadcrumbsFontColor":{"default":{"color":"CT_CSS_SKIP_RULEDEFAULT"},"initial":{"color":"CT_CSS_SKIP_RULEDEFAULT"},"hover":{"color":"CT_CSS_SKIP_RULEDEFAULT"}},"pageTitleOverlay":{"background_type":"color","background_pattern":"type-1","background_image":{"attachment_id":null,"x":0,"y":0},"gradient":"linear-gradient(135deg,rgba(6,147,227,1) 0%,rgb(155,81,224) 100%)","background_repeat":"repeat","background_size":"auto","background_attachment":"scroll","patternColor":{"default":{"color":"#e5e7ea"}},"overlayColor":{"default":{"color":"CT_CSS_SKIP_RULE"}},"backgroundColor":{"default":{"color":"CT_CSS_SKIP_RULE"}}},"pageTitleBackground":{"background_type":"color","background_pattern":"type-1","background_image":{"attachment_id":null,"x":0,"y":0},"gradient":"linear-gradient(135deg,rgba(6,147,227,1) 0%,rgb(155,81,224) 100%)","background_repeat":"repeat","background_size":"auto","background_attachment":"scroll","patternColor":{"default":{"color":"#e5e7ea"}},"overlayColor":{"default":{"color":"CT_CSS_SKIP_RULE"}},"backgroundColor":{"default":{"color":"var(--theme-palette-color-6)"}}},"pageTitlePadding":{"top":"50px","bottom":"50px","left":"auto","right":"auto","linked":true},"a294ec8a74969a7dd51cf94e04881e73":"","page_structure_type":"default","2f1ccf23988711d8c89a5363db2090a4":"","content_style_source":"inherit","content_style":"wide","vertical_spacing_source":"custom","content_area_spacing":"none","background":{"background_type":"color","background_pattern":"type-1","background_image":{"attachment_id":null,"x":0,"y":0},"gradient":"linear-gradient(135deg,rgba(6,147,227,1) 0%,rgb(155,81,224) 100%)","background_repeat":"repeat","background_size":"auto","background_attachment":"scroll","patternColor":{"default":{"color":"#e5e7ea"}},"overlayColor":{"default":{"color":"CT_CSS_SKIP_RULE"}},"backgroundColor":{"default":{"color":"CT_CSS_SKIP_RULE"}}},"content_background":{"background_type":"color","background_pattern":"type-1","background_image":{"attachment_id":null,"x":0,"y":0},"gradient":"linear-gradient(135deg,rgba(6,147,227,1) 0%,rgb(155,81,224) 100%)","background_repeat":"repeat","background_size":"auto","background_attachment":"scroll","patternColor":{"default":{"color":"#e5e7ea"}},"overlayColor":{"default":{"color":"CT_CSS_SKIP_RULE"}},"backgroundColor":{"default":{"color":"var(--theme-palette-color-8)"}}},"content_boxed_shadow":{"inherit":false,"blur":18,"spread":-6,"v_offset":12,"h_offset":0,"inset":false,"enable":true,"color":{"color":"rgba(34, 56, 101, 0.04)"}},"boxed_content_spacing":{"desktop":{"top":"40px","bottom":"40px","left":"40px","right":"40px","linked":true},"tablet":{"top":"35px","bottom":"35px","left":"35px","right":"35px","linked":true},"mobile":{"top":"20px","bottom":"20px","left":"20px","right":"20px","linked":true}},"content_boxed_radius":{"top":"3px","bottom":"3px","left":"3px","right":"3px","linked":true},"89a455029062c524da90d2350d6fd2e3":"","disable_featured_image":"no","disable_header":"no","disable_footer":"no","styles_descriptor":{"styles":{"desktop":"","tablet":"","mobile":""},"google_fonts":[],"version":6}},"featured_image_urls":{"full":"","thumbnail":"","medium":"","medium_large":"","large":"","1536x1536":"","2048x2048":""},"post_excerpt_stackable":"<p>Working hours | Mon-Sun 10-19 Contact Ulica Pavla Radi\u0107a 44a, Zagreb, Croatia Tel:&nbsp;+385 99 386 1927info@otoreisinger.com TICKET PRICE ADULTS:&nbsp;8 euroKIDS (ages 5-15):&nbsp;7 euro STUDENTS:&nbsp;7 euroRETIREES:&nbsp;6,50 euroGROUPS (8 or more people): To arrange a larger group visit, contact us by e-mail or call +385 99 386 1927it is also possible to arrange a guided group tour.<\/p>\n","category_list":"","author_info":{"name":"Oto Reisinger","url":"https:\/\/otoreisinger.com\/en\/author\/otor\/"},"comments_num":"0 comments","featured_image_urls_v2":{"full":"","thumbnail":"","medium":"","medium_large":"","large":"","1536x1536":"","2048x2048":""},"post_excerpt_stackable_v2":"<p>Working hours | Mon-Sun 10-19 Contact Ulica Pavla Radi\u0107a 44a, Zagreb, Croatia Tel:&nbsp;+385 99 386 1927info@otoreisinger.com TICKET PRICE ADULTS:&nbsp;8 euroKIDS (ages 5-15):&nbsp;7 euro STUDENTS:&nbsp;7 euroRETIREES:&nbsp;6,50 euroGROUPS (8 or more people): To arrange a larger group visit, contact us by e-mail or call +385 99 386 1927it is also possible to arrange a guided group tour.<\/p>\n","category_list_v2":"","author_info_v2":{"name":"Oto Reisinger","url":"https:\/\/otoreisinger.com\/en\/author\/otor\/"},"comments_num_v2":"0 comments","yoast_head":"<!-- This site is optimized with the Yoast SEO plugin v22.7 - https:\/\/yoast.com\/wordpress\/plugins\/seo\/ -->\n<title>Contact - Oto Reisinger<\/title>\n<meta name=\"robots\" content=\"index, follow, max-snippet:-1, max-image-preview:large, max-video-preview:-1\" \/>\n<link rel=\"canonical\" href=\"https:\/\/otoreisinger.com\/en\/contact\/\" \/>\n<meta property=\"og:locale\" content=\"en_US\" \/>\n<meta property=\"og:type\" content=\"article\" \/>\n<meta property=\"og:title\" content=\"Contact - Oto Reisinger\" \/>\n<meta property=\"og:description\" content=\"Working hours | Mon-Sun 10-19 Contact Ulica Pavla Radi\u0107a 44a, Zagreb, Croatia Tel:&nbsp;+385 99 386 1927info@otoreisinger.com TICKET PRICE ADULTS:&nbsp;8 euroKIDS (ages 5-15):&nbsp;7 euro STUDENTS:&nbsp;7 euroRETIREES:&nbsp;6,50 euroGROUPS (8 or more people): To arrange a larger group visit, contact us by e-mail or call +385 99 386 1927it is also possible to arrange a guided group tour.\" \/>\n<meta property=\"og:url\" content=\"https:\/\/otoreisinger.com\/en\/contact\/\" \/>\n<meta property=\"og:site_name\" content=\"Oto Reisinger\" \/>\n<meta property=\"article:publisher\" content=\"https:\/\/www.facebook.com\/houseofcartoonsreisinger\/\" \/>\n<meta property=\"article:modified_time\" content=\"2025-01-16T10:35:15+00:00\" \/>\n<meta property=\"og:image\" content=\"https:\/\/otoreisinger.com\/wp-content\/uploads\/2024\/05\/Screenshot-2024-05-12-at-14.16.54-1024x728.png\" \/>\n<meta name=\"twitter:card\" content=\"summary_large_image\" \/>\n<meta name=\"twitter:label1\" content=\"Est. reading time\" \/>\n\t<meta name=\"twitter:data1\" content=\"1 minute\" \/>\n<script type=\"application\/ld+json\" class=\"yoast-schema-graph\">{\"@context\":\"https:\/\/schema.org\",\"@graph\":[{\"@type\":\"WebPage\",\"@id\":\"https:\/\/otoreisinger.com\/en\/contact\/\",\"url\":\"https:\/\/otoreisinger.com\/en\/contact\/\",\"name\":\"Contact - Oto Reisinger\",\"isPartOf\":{\"@id\":\"https:\/\/otoreisinger.com\/#website\"},\"primaryImageOfPage\":{\"@id\":\"https:\/\/otoreisinger.com\/en\/contact\/#primaryimage\"},\"image\":{\"@id\":\"https:\/\/otoreisinger.com\/en\/contact\/#primaryimage\"},\"thumbnailUrl\":\"https:\/\/otoreisinger.com\/wp-content\/uploads\/2024\/05\/Screenshot-2024-05-12-at-14.16.54-1024x728.png\",\"datePublished\":\"2021-10-25T15:51:10+00:00\",\"dateModified\":\"2025-01-16T10:35:15+00:00\",\"breadcrumb\":{\"@id\":\"https:\/\/otoreisinger.com\/en\/contact\/#breadcrumb\"},\"inLanguage\":\"en-US\",\"potentialAction\":[{\"@type\":\"ReadAction\",\"target\":[\"https:\/\/otoreisinger.com\/en\/contact\/\"]}]},{\"@type\":\"ImageObject\",\"inLanguage\":\"en-US\",\"@id\":\"https:\/\/otoreisinger.com\/en\/contact\/#primaryimage\",\"url\":\"https:\/\/otoreisinger.com\/wp-content\/uploads\/2024\/05\/Screenshot-2024-05-12-at-14.16.54-1024x728.png\",\"contentUrl\":\"https:\/\/otoreisinger.com\/wp-content\/uploads\/2024\/05\/Screenshot-2024-05-12-at-14.16.54-1024x728.png\"},{\"@type\":\"BreadcrumbList\",\"@id\":\"https:\/\/otoreisinger.com\/en\/contact\/#breadcrumb\",\"itemListElement\":[{\"@type\":\"ListItem\",\"position\":1,\"name\":\"Po\u010detna stranica\",\"item\":\"https:\/\/otoreisinger.com\/en\/\"},{\"@type\":\"ListItem\",\"position\":2,\"name\":\"Contact\"}]},{\"@type\":\"WebSite\",\"@id\":\"https:\/\/otoreisinger.com\/#website\",\"url\":\"https:\/\/otoreisinger.com\/\",\"name\":\"Oto Reisinger\",\"description\":\"Ku\u0107a karikatura\",\"publisher\":{\"@id\":\"https:\/\/otoreisinger.com\/#\/schema\/person\/7f867c676ca8659b19e822d31de16e0f\"},\"potentialAction\":[{\"@type\":\"SearchAction\",\"target\":{\"@type\":\"EntryPoint\",\"urlTemplate\":\"https:\/\/otoreisinger.com\/?s={search_term_string}\"},\"query-input\":\"required name=search_term_string\"}],\"inLanguage\":\"en-US\"},{\"@type\":[\"Person\",\"Organization\"],\"@id\":\"https:\/\/otoreisinger.com\/#\/schema\/person\/7f867c676ca8659b19e822d31de16e0f\",\"name\":\"Oto Reisinger\",\"image\":{\"@type\":\"ImageObject\",\"inLanguage\":\"en-US\",\"@id\":\"https:\/\/otoreisinger.com\/#\/schema\/person\/image\/\",\"url\":\"https:\/\/otoreisinger.com\/wp-content\/uploads\/2024\/03\/logologo.png\",\"contentUrl\":\"https:\/\/otoreisinger.com\/wp-content\/uploads\/2024\/03\/logologo.png\",\"width\":1909,\"height\":1074,\"caption\":\"Oto Reisinger\"},\"logo\":{\"@id\":\"https:\/\/otoreisinger.com\/#\/schema\/person\/image\/\"},\"description\":\"Reisinger Oton Anton (Oto), hrvatski karikaturist (Rankovci kraj Murske Sobote, Slovenija, 4. X. 1927 \u2013 Zagreb, 6. IV. 2016). Zavr\u0161io Arhitektonski fakultet u Zagrebu 1960. Karikature zapo\u010deo crtati i objavljivati 1945., od 1950. bio stalni suradnik Vjesnika. Radove objavljivao i u stranim listovima i \u010dasopisima (Punch, Quick, Panorama). Karikaturama s elementima gega naj\u010de\u0161\u0107e komentirao politi\u010dka i dru\u0161tvena zbivanja (legendarni lik Pero). Objavio nekoliko knjiga karikatura (Amor, amor\u2026, Gute Reise, Rat i mir). Radio plakate, reklame, ilustracije za knjige i crtane filmove. Dobio je Nagradu \u00bbVladimir Nazor\u00ab za \u017eivotno djelo (1983).\",\"sameAs\":[\"https:\/\/otoreisinger.com\",\"https:\/\/www.facebook.com\/houseofcartoonsreisinger\/\",\"https:\/\/www.instagram.com\/houseofcartoonsreisinger\"]}]}<\/script>\n<!-- \/ Yoast SEO plugin. -->","yoast_head_json":{"title":"Contact - Oto Reisinger","robots":{"index":"index","follow":"follow","max-snippet":"max-snippet:-1","max-image-preview":"max-image-preview:large","max-video-preview":"max-video-preview:-1"},"canonical":"https:\/\/otoreisinger.com\/en\/contact\/","og_locale":"en_US","og_type":"article","og_title":"Contact - Oto Reisinger","og_description":"Working hours | Mon-Sun 10-19 Contact Ulica Pavla Radi\u0107a 44a, Zagreb, Croatia Tel:&nbsp;+385 99 386 1927info@otoreisinger.com TICKET PRICE ADULTS:&nbsp;8 euroKIDS (ages 5-15):&nbsp;7 euro STUDENTS:&nbsp;7 euroRETIREES:&nbsp;6,50 euroGROUPS (8 or more people): To arrange a larger group visit, contact us by e-mail or call +385 99 386 1927it is also possible to arrange a guided group tour.","og_url":"https:\/\/otoreisinger.com\/en\/contact\/","og_site_name":"Oto Reisinger","article_publisher":"https:\/\/www.facebook.com\/houseofcartoonsreisinger\/","article_modified_time":"2025-01-16T10:35:15+00:00","og_image":[{"url":"https:\/\/otoreisinger.com\/wp-content\/uploads\/2024\/05\/Screenshot-2024-05-12-at-14.16.54-1024x728.png"}],"twitter_card":"summary_large_image","twitter_misc":{"Est. reading time":"1 minute"},"schema":{"@context":"https:\/\/schema.org","@graph":[{"@type":"WebPage","@id":"https:\/\/otoreisinger.com\/en\/contact\/","url":"https:\/\/otoreisinger.com\/en\/contact\/","name":"Contact - Oto Reisinger","isPartOf":{"@id":"https:\/\/otoreisinger.com\/#website"},"primaryImageOfPage":{"@id":"https:\/\/otoreisinger.com\/en\/contact\/#primaryimage"},"image":{"@id":"https:\/\/otoreisinger.com\/en\/contact\/#primaryimage"},"thumbnailUrl":"https:\/\/otoreisinger.com\/wp-content\/uploads\/2024\/05\/Screenshot-2024-05-12-at-14.16.54-1024x728.png","datePublished":"2021-10-25T15:51:10+00:00","dateModified":"2025-01-16T10:35:15+00:00","breadcrumb":{"@id":"https:\/\/otoreisinger.com\/en\/contact\/#breadcrumb"},"inLanguage":"en-US","potentialAction":[{"@type":"ReadAction","target":["https:\/\/otoreisinger.com\/en\/contact\/"]}]},{"@type":"ImageObject","inLanguage":"en-US","@id":"https:\/\/otoreisinger.com\/en\/contact\/#primaryimage","url":"https:\/\/otoreisinger.com\/wp-content\/uploads\/2024\/05\/Screenshot-2024-05-12-at-14.16.54-1024x728.png","contentUrl":"https:\/\/otoreisinger.com\/wp-content\/uploads\/2024\/05\/Screenshot-2024-05-12-at-14.16.54-1024x728.png"},{"@type":"BreadcrumbList","@id":"https:\/\/otoreisinger.com\/en\/contact\/#breadcrumb","itemListElement":[{"@type":"ListItem","position":1,"name":"Po\u010detna stranica","item":"https:\/\/otoreisinger.com\/en\/"},{"@type":"ListItem","position":2,"name":"Contact"}]},{"@type":"WebSite","@id":"https:\/\/otoreisinger.com\/#website","url":"https:\/\/otoreisinger.com\/","name":"Oto Reisinger","description":"Ku\u0107a karikatura","publisher":{"@id":"https:\/\/otoreisinger.com\/#\/schema\/person\/7f867c676ca8659b19e822d31de16e0f"},"potentialAction":[{"@type":"SearchAction","target":{"@type":"EntryPoint","urlTemplate":"https:\/\/otoreisinger.com\/?s={search_term_string}"},"query-input":"required name=search_term_string"}],"inLanguage":"en-US"},{"@type":["Person","Organization"],"@id":"https:\/\/otoreisinger.com\/#\/schema\/person\/7f867c676ca8659b19e822d31de16e0f","name":"Oto Reisinger","image":{"@type":"ImageObject","inLanguage":"en-US","@id":"https:\/\/otoreisinger.com\/#\/schema\/person\/image\/","url":"https:\/\/otoreisinger.com\/wp-content\/uploads\/2024\/03\/logologo.png","contentUrl":"https:\/\/otoreisinger.com\/wp-content\/uploads\/2024\/03\/logologo.png","width":1909,"height":1074,"caption":"Oto Reisinger"},"logo":{"@id":"https:\/\/otoreisinger.com\/#\/schema\/person\/image\/"},"description":"Reisinger Oton Anton (Oto), hrvatski karikaturist (Rankovci kraj Murske Sobote, Slovenija, 4. X. 1927 \u2013 Zagreb, 6. IV. 2016). Zavr\u0161io Arhitektonski fakultet u Zagrebu 1960. Karikature zapo\u010deo crtati i objavljivati 1945., od 1950. bio stalni suradnik Vjesnika. Radove objavljivao i u stranim listovima i \u010dasopisima (Punch, Quick, Panorama). Karikaturama s elementima gega naj\u010de\u0161\u0107e komentirao politi\u010dka i dru\u0161tvena zbivanja (legendarni lik Pero). Objavio nekoliko knjiga karikatura (Amor, amor\u2026, Gute Reise, Rat i mir). Radio plakate, reklame, ilustracije za knjige i crtane filmove. Dobio je Nagradu \u00bbVladimir Nazor\u00ab za \u017eivotno djelo (1983).","sameAs":["https:\/\/otoreisinger.com","https:\/\/www.facebook.com\/houseofcartoonsreisinger\/","https:\/\/www.instagram.com\/houseofcartoonsreisinger"]}]}},"_links":{"self":[{"href":"https:\/\/otoreisinger.com\/en\/wp-json\/wp\/v2\/pages\/839","targetHints":{"allow":["GET"]}}],"collection":[{"href":"https:\/\/otoreisinger.com\/en\/wp-json\/wp\/v2\/pages"}],"about":[{"href":"https:\/\/otoreisinger.com\/en\/wp-json\/wp\/v2\/types\/page"}],"author":[{"embeddable":true,"href":"https:\/\/otoreisinger.com\/en\/wp-json\/wp\/v2\/users\/1"}],"replies":[{"embeddable":true,"href":"https:\/\/otoreisinger.com\/en\/wp-json\/wp\/v2\/comments?post=839"}],"version-history":[{"count":13,"href":"https:\/\/otoreisinger.com\/en\/wp-json\/wp\/v2\/pages\/839\/revisions"}],"predecessor-version":[{"id":1027,"href":"https:\/\/otoreisinger.com\/en\/wp-json\/wp\/v2\/pages\/839\/revisions\/1027"}],"wp:attachment":[{"href":"https:\/\/otoreisinger.com\/en\/wp-json\/wp\/v2\/media?parent=839"}],"curies":[{"name":"wp","href":"https:\/\/api.w.org\/{rel}","templated":true}]}}